{"id":3361,"date":"2025-05-11T11:28:46","date_gmt":"2025-05-11T09:28:46","guid":{"rendered":"https:\/\/www.sportlaurin.com\/?post_type=product&#038;p=3361"},"modified":"2025-05-12T20:58:05","modified_gmt":"2025-05-12T18:58:05","slug":"piuma-anthracite","status":"publish","type":"product","link":"https:\/\/www.sportlaurin.com\/sl\/izdelek\/piuma-anthracite\/","title":{"rendered":"Piuma Anthracite"},"content":{"rendered":"<p>Spletna stran\u00a0<strong>Fitwell Piuma Trek<\/strong>\u00a0so .\u00a0<strong>popolni vsestranski<\/strong>\u00a0za\u00a0<strong>Lahki pohodi, enodnevni izleti in aktivnosti na prostem<\/strong>. Zahvaljujo\u010d\u00a0<strong>vodoodbojni semi\u0161<\/strong>\u00a0in\u00a0<strong>zra\u010dna membrana eVent\u00ae<\/strong>\u00a0ponujajo\u00a0<strong>optimalno udobje, odpornost na vremenske vplive in svoboda gibanja<\/strong>\u00a0\u2013 idealno za aktivne uporabnike, ki cenijo lahkotnost in funkcionalnost.<\/p>\n<p>Informacije o proizvajalcu (obveznosti obve\u0161\u010danja v skladu z uredbo GPSR o varnosti proizvodov)<br \/>\nFITWELL 4.0 S.R.L.<br \/>\nIndustrijska cona 110\/112<br \/>\n31040 Pederobba \u2013 TV (Italija)<br \/>\ninfo@fitwellsrl.it<br \/>\n+39 0423 64407<\/p>","protected":false},"excerpt":{"rendered":"<h3><strong>Tehni\u010dni poudarki<\/strong><\/h3>\n<p class=\"ds-markdown-paragraph\">\u2714\u00a0<strong>Zgornji material:<\/strong>\u00a0<strong>Vodoodbojni semi\u0161<\/strong>\u00a0z nastavljivimi vezalkami<br \/>\n\u2714\u00a0<strong>Podloga:<\/strong>\u00a0<strong>3-slojna mikrovlakna<\/strong>\u00a0+\u00a0<strong>vodoodporna membrana eVent\u00ae<\/strong>\u00a0(popolna za\u0161\u010dita pred vlago)<br \/>\n\u2714\u00a0<strong>Podplat:<\/strong>\u00a0<strong>Fitwell Air Move<\/strong>\u00a0za optimalno podporo<br \/>\n\u2714\u00a0<strong>Podplat:<\/strong>\u00a0<strong>Vibram\u00ae Jankuat<\/strong>\u00a0s spletno stranjo .\u00a0<strong>dvojno oblazinjen vmesni podplat EVA<\/strong>\u00a0(odli\u010den oprijem)<br \/>\n\u2714\u00a0<strong>Stabilnost:<\/strong>\u00a0<strong>2 mm najlonski vlo\u017eek<\/strong>\u00a0+\u00a0<strong>Sistem proti zvijanju<\/strong><br \/>\n\u2714\u00a0<strong>Te\u017ea:<\/strong>\u00a0Samo\u00a0<strong>578 g na \u010develj (velikost 8, Zdru\u017eeno kraljestvo)<\/strong>\u00a0\u2013 lahka in okretna<\/p>\n<h3><strong>Udobje in funkcionalnost<\/strong><\/h3>\n<ul>\n<li class=\"ds-markdown-paragraph\"><strong>Rob ja\u0161ka oblazinjen z mikrovlakni<\/strong>\u00a0za ve\u010dje udobje no\u0161enja<\/li>\n<li class=\"ds-markdown-paragraph\"><strong>\u0160iroko obmo\u010dje za stopala<\/strong>\u00a0za enakomerno porazdelitev te\u017ee in stabilnost<\/li>\n<li class=\"ds-markdown-paragraph\"><strong>Mikroporozni vmesni podplat<\/strong>\u00a0z diferenciranim du\u0161enjem<\/li>\n<li class=\"ds-markdown-paragraph\"><strong>Velikosti:<\/strong>\u00a0<strong>4 \u2013 12\u00bd Zdru\u017eeno kraljestvo<\/strong>\u00a0(<em>Priporo\u010dilo: Izberite eno velikost ve\u010djo<\/em>)<\/li>\n<\/ul>\n<h3><strong>Idealno za<\/strong><\/h3>\n<ul>\n<li class=\"ds-markdown-paragraph\"><strong>Lahki pohodi in trekingi<\/strong><\/li>\n<li class=\"ds-markdown-paragraph\"><strong>Aktivnosti na prostem v vseh vremenskih razmerah<\/strong><\/li>\n<li class=\"ds-markdown-paragraph\"><strong>Vsakdanje \u017eivljenje z zna\u010dajem na prostem<\/strong><\/li>\n<\/ul>","protected":false},"featured_media":1672,"comment_status":"closed","ping_status":"closed","template":"","meta":[],"product_brand":[86],"product_cat":[131,85],"product_tag":[],"class_list":{"0":"post-3361","1":"product","2":"type-product","3":"status-publish","4":"has-post-thumbnail","6":"product_brand-fitwell","7":"product_cat-trekking","8":"product_cat-wanderschuhe-fitwell","9":"product_shipping_class-fitwell","11":"first","12":"instock","13":"purchasable","14":"product-type-variable"},"yoast_head":"<!-- This site is optimized with the Yoast SEO plugin v27.1.1 - https:\/\/yoast.com\/product\/yoast-seo-wordpress\/ -->\n<title>Piuma Anthracite - SPORT LAURIN - Ski &amp; Bike | Rental, Service &amp; Sportshop<\/title>\n<meta name=\"robots\" content=\"index, follow, max-snippet:-1, max-image-preview:large, max-video-preview:-1\" \/>\n<link rel=\"canonical\" href=\"https:\/\/www.sportlaurin.com\/sl\/izdelek\/piuma-anthracite\/\" \/>\n<meta property=\"og:locale\" content=\"sl_SI\" \/>\n<meta property=\"og:type\" content=\"article\" \/>\n<meta property=\"og:title\" content=\"Piuma Anthracite - SPORT LAURIN - Ski &amp; Bike | Rental, Service &amp; Sportshop\" \/>\n<meta property=\"og:description\" content=\"Technische Highlights \u2714\u00a0Obermaterial:\u00a0Wasserabweisendes Wildleder\u00a0mit verstellbarer Schn\u00fcrung \u2714\u00a0Futter:\u00a03-lagige Mikrofaser\u00a0+\u00a0wasserdichte eVent\u00ae-Membran\u00a0(vollst\u00e4ndiger N\u00e4sseschutz) \u2714\u00a0Fu\u00dfbett:\u00a0Fitwell Air Move\u00a0f\u00fcr optimale Unterst\u00fctzung \u2714\u00a0Sohle:\u00a0Vibram\u00ae Jankuat\u00a0mit\u00a0doppelt ged\u00e4mpfter EVA-Zwischensohle\u00a0(hervorragender Grip) \u2714\u00a0Stabilit\u00e4t:\u00a02 mm Nylon-Innensohle\u00a0+\u00a0Anti-Torsionssystem \u2714\u00a0Gewicht:\u00a0Nur\u00a0578 g pro Schuh (Gr. 8 UK)\u00a0\u2013 leicht und agil  Komfort &amp; Funktionalit\u00e4t   Mikrofaser-gepolsterter Schaftrand\u00a0f\u00fcr erh\u00f6hten Tragekomfort  Breiter Fu\u00dfbereich\u00a0f\u00fcr gleichm\u00e4\u00dfige Gewichtsverteilung und Stabilit\u00e4t  Mikropor\u00f6se Zwischensohle\u00a0mit differenzierter D\u00e4mpfung  Gr\u00f6\u00dfen:\u00a04 \u2013 12\u00bd UK\u00a0(Empfehlung: 1 Gr\u00f6\u00dfe gr\u00f6\u00dfer w\u00e4hlen)  Ideal f\u00fcr   Leichte Wanderungen &amp; Trekkingtouren  Outdoor-Aktivit\u00e4ten bei jedem Wetter  Alltag mit Outdoor-Charakter\" \/>\n<meta property=\"og:url\" content=\"https:\/\/www.sportlaurin.com\/sl\/izdelek\/piuma-anthracite\/\" \/>\n<meta property=\"og:site_name\" content=\"SPORT LAURIN - Ski &amp; Bike | Rental, Service &amp; Sportshop\" \/>\n<meta property=\"article:publisher\" content=\"https:\/\/www.facebook.com\/sportlaurin\/\" \/>\n<meta property=\"article:modified_time\" content=\"2025-05-12T18:58:05+00:00\" \/>\n<meta property=\"og:image\" content=\"https:\/\/www.sportlaurin.com\/wp-content\/uploads\/2025\/05\/PIUMA-TREK_Anthracite-1.jpg\" \/>\n\t<meta property=\"og:image:width\" content=\"1600\" \/>\n\t<meta property=\"og:image:height\" content=\"1211\" \/>\n\t<meta property=\"og:image:type\" content=\"image\/jpeg\" \/>\n<meta name=\"twitter:card\" content=\"summary_large_image\" \/>\n<meta name=\"twitter:label1\" content=\"Est. reading time\" \/>\n\t<meta name=\"twitter:data1\" content=\"1 minuta\" \/>\n<script type=\"application\/ld+json\" class=\"yoast-schema-graph\">{\"@context\":\"https:\/\/schema.org\",\"@graph\":[{\"@type\":\"WebPage\",\"@id\":\"https:\/\/www.sportlaurin.com\/produkt\/piuma-anthracite\/\",\"url\":\"https:\/\/www.sportlaurin.com\/produkt\/piuma-anthracite\/\",\"name\":\"Piuma Anthracite - SPORT LAURIN - Ski &amp; Bike | Rental, Service &amp; Sportshop\",\"isPartOf\":{\"@id\":\"https:\/\/www.sportlaurin.com\/#website\"},\"primaryImageOfPage\":{\"@id\":\"https:\/\/www.sportlaurin.com\/produkt\/piuma-anthracite\/#primaryimage\"},\"image\":{\"@id\":\"https:\/\/www.sportlaurin.com\/produkt\/piuma-anthracite\/#primaryimage\"},\"thumbnailUrl\":\"https:\/\/www.sportlaurin.com\/wp-content\/uploads\/2025\/05\/PIUMA-TREK_Anthracite-1.jpg\",\"datePublished\":\"2025-05-11T09:28:46+00:00\",\"dateModified\":\"2025-05-12T18:58:05+00:00\",\"breadcrumb\":{\"@id\":\"https:\/\/www.sportlaurin.com\/produkt\/piuma-anthracite\/#breadcrumb\"},\"inLanguage\":\"sl-SI\",\"potentialAction\":[{\"@type\":\"ReadAction\",\"target\":[\"https:\/\/www.sportlaurin.com\/produkt\/piuma-anthracite\/\"]}]},{\"@type\":\"ImageObject\",\"inLanguage\":\"sl-SI\",\"@id\":\"https:\/\/www.sportlaurin.com\/produkt\/piuma-anthracite\/#primaryimage\",\"url\":\"https:\/\/www.sportlaurin.com\/wp-content\/uploads\/2025\/05\/PIUMA-TREK_Anthracite-1.jpg\",\"contentUrl\":\"https:\/\/www.sportlaurin.com\/wp-content\/uploads\/2025\/05\/PIUMA-TREK_Anthracite-1.jpg\",\"width\":1600,\"height\":1211},{\"@type\":\"BreadcrumbList\",\"@id\":\"https:\/\/www.sportlaurin.com\/produkt\/piuma-anthracite\/#breadcrumb\",\"itemListElement\":[{\"@type\":\"ListItem\",\"position\":1,\"name\":\"Startseite\",\"item\":\"https:\/\/www.sportlaurin.com\/\"},{\"@type\":\"ListItem\",\"position\":2,\"name\":\"Onlineshop\",\"item\":\"https:\/\/www.sportlaurin.com\/onlineshop\/\"},{\"@type\":\"ListItem\",\"position\":3,\"name\":\"Piuma Anthracite\"}]},{\"@type\":\"WebSite\",\"@id\":\"https:\/\/www.sportlaurin.com\/#website\",\"url\":\"https:\/\/www.sportlaurin.com\/\",\"name\":\"SPORT LAURIN - Ski & Bike | Rental, Service & Sportshop\",\"description\":\"\",\"potentialAction\":[{\"@type\":\"SearchAction\",\"target\":{\"@type\":\"EntryPoint\",\"urlTemplate\":\"https:\/\/www.sportlaurin.com\/?s={search_term_string}\"},\"query-input\":{\"@type\":\"PropertyValueSpecification\",\"valueRequired\":true,\"valueName\":\"search_term_string\"}}],\"inLanguage\":\"sl-SI\"}]}<\/script>\n<!-- \/ Yoast SEO plugin. -->","yoast_head_json":{"title":"Piuma antracit - SPORT LAURIN - Smu\u010di in kolesa | Izposoja, servis in \u0161portna trgovina","robots":{"index":"index","follow":"follow","max-snippet":"max-snippet:-1","max-image-preview":"max-image-preview:large","max-video-preview":"max-video-preview:-1"},"canonical":"https:\/\/www.sportlaurin.com\/sl\/izdelek\/piuma-anthracite\/","og_locale":"sl_SI","og_type":"article","og_title":"Piuma Anthracite - SPORT LAURIN - Ski &amp; Bike | Rental, Service &amp; Sportshop","og_description":"Technische Highlights \u2714\u00a0Obermaterial:\u00a0Wasserabweisendes Wildleder\u00a0mit verstellbarer Schn\u00fcrung \u2714\u00a0Futter:\u00a03-lagige Mikrofaser\u00a0+\u00a0wasserdichte eVent\u00ae-Membran\u00a0(vollst\u00e4ndiger N\u00e4sseschutz) \u2714\u00a0Fu\u00dfbett:\u00a0Fitwell Air Move\u00a0f\u00fcr optimale Unterst\u00fctzung \u2714\u00a0Sohle:\u00a0Vibram\u00ae Jankuat\u00a0mit\u00a0doppelt ged\u00e4mpfter EVA-Zwischensohle\u00a0(hervorragender Grip) \u2714\u00a0Stabilit\u00e4t:\u00a02 mm Nylon-Innensohle\u00a0+\u00a0Anti-Torsionssystem \u2714\u00a0Gewicht:\u00a0Nur\u00a0578 g pro Schuh (Gr. 8 UK)\u00a0\u2013 leicht und agil  Komfort &amp; Funktionalit\u00e4t   Mikrofaser-gepolsterter Schaftrand\u00a0f\u00fcr erh\u00f6hten Tragekomfort  Breiter Fu\u00dfbereich\u00a0f\u00fcr gleichm\u00e4\u00dfige Gewichtsverteilung und Stabilit\u00e4t  Mikropor\u00f6se Zwischensohle\u00a0mit differenzierter D\u00e4mpfung  Gr\u00f6\u00dfen:\u00a04 \u2013 12\u00bd UK\u00a0(Empfehlung: 1 Gr\u00f6\u00dfe gr\u00f6\u00dfer w\u00e4hlen)  Ideal f\u00fcr   Leichte Wanderungen &amp; Trekkingtouren  Outdoor-Aktivit\u00e4ten bei jedem Wetter  Alltag mit Outdoor-Charakter","og_url":"https:\/\/www.sportlaurin.com\/sl\/izdelek\/piuma-anthracite\/","og_site_name":"SPORT LAURIN - Ski &amp; Bike | Rental, Service &amp; Sportshop","article_publisher":"https:\/\/www.facebook.com\/sportlaurin\/","article_modified_time":"2025-05-12T18:58:05+00:00","og_image":[{"width":1600,"height":1211,"url":"https:\/\/www.sportlaurin.com\/wp-content\/uploads\/2025\/05\/PIUMA-TREK_Anthracite-1.jpg","type":"image\/jpeg"}],"twitter_card":"summary_large_image","twitter_misc":{"Est. reading time":"1 minuta"},"schema":{"@context":"https:\/\/schema.org","@graph":[{"@type":"WebPage","@id":"https:\/\/www.sportlaurin.com\/produkt\/piuma-anthracite\/","url":"https:\/\/www.sportlaurin.com\/produkt\/piuma-anthracite\/","name":"Piuma antracit - SPORT LAURIN - Smu\u010di in kolesa | Izposoja, servis in \u0161portna trgovina","isPartOf":{"@id":"https:\/\/www.sportlaurin.com\/#website"},"primaryImageOfPage":{"@id":"https:\/\/www.sportlaurin.com\/produkt\/piuma-anthracite\/#primaryimage"},"image":{"@id":"https:\/\/www.sportlaurin.com\/produkt\/piuma-anthracite\/#primaryimage"},"thumbnailUrl":"https:\/\/www.sportlaurin.com\/wp-content\/uploads\/2025\/05\/PIUMA-TREK_Anthracite-1.jpg","datePublished":"2025-05-11T09:28:46+00:00","dateModified":"2025-05-12T18:58:05+00:00","breadcrumb":{"@id":"https:\/\/www.sportlaurin.com\/produkt\/piuma-anthracite\/#breadcrumb"},"inLanguage":"sl-SI","potentialAction":[{"@type":"ReadAction","target":["https:\/\/www.sportlaurin.com\/produkt\/piuma-anthracite\/"]}]},{"@type":"ImageObject","inLanguage":"sl-SI","@id":"https:\/\/www.sportlaurin.com\/produkt\/piuma-anthracite\/#primaryimage","url":"https:\/\/www.sportlaurin.com\/wp-content\/uploads\/2025\/05\/PIUMA-TREK_Anthracite-1.jpg","contentUrl":"https:\/\/www.sportlaurin.com\/wp-content\/uploads\/2025\/05\/PIUMA-TREK_Anthracite-1.jpg","width":1600,"height":1211},{"@type":"BreadcrumbList","@id":"https:\/\/www.sportlaurin.com\/produkt\/piuma-anthracite\/#breadcrumb","itemListElement":[{"@type":"ListItem","position":1,"name":"Startseite","item":"https:\/\/www.sportlaurin.com\/"},{"@type":"ListItem","position":2,"name":"Onlineshop","item":"https:\/\/www.sportlaurin.com\/onlineshop\/"},{"@type":"ListItem","position":3,"name":"Piuma Anthracite"}]},{"@type":"WebSite","@id":"https:\/\/www.sportlaurin.com\/#website","url":"https:\/\/www.sportlaurin.com\/","name":"SPORT LAURIN - Smu\u010di in kolesa | Najem, servis in \u0161portna trgovina","description":"","potentialAction":[{"@type":"SearchAction","target":{"@type":"EntryPoint","urlTemplate":"https:\/\/www.sportlaurin.com\/?s={search_term_string}"},"query-input":{"@type":"PropertyValueSpecification","valueRequired":true,"valueName":"search_term_string"}}],"inLanguage":"sl-SI"}]}},"_links":{"self":[{"href":"https:\/\/www.sportlaurin.com\/sl\/wp-json\/wp\/v2\/product\/3361","targetHints":{"allow":["GET"]}}],"collection":[{"href":"https:\/\/www.sportlaurin.com\/sl\/wp-json\/wp\/v2\/product"}],"about":[{"href":"https:\/\/www.sportlaurin.com\/sl\/wp-json\/wp\/v2\/types\/product"}],"replies":[{"embeddable":true,"href":"https:\/\/www.sportlaurin.com\/sl\/wp-json\/wp\/v2\/comments?post=3361"}],"wp:featuredmedia":[{"embeddable":true,"href":"https:\/\/www.sportlaurin.com\/sl\/wp-json\/wp\/v2\/media\/1672"}],"wp:attachment":[{"href":"https:\/\/www.sportlaurin.com\/sl\/wp-json\/wp\/v2\/media?parent=3361"}],"wp:term":[{"taxonomy":"product_brand","embeddable":true,"href":"https:\/\/www.sportlaurin.com\/sl\/wp-json\/wp\/v2\/product_brand?post=3361"},{"taxonomy":"product_cat","embeddable":true,"href":"https:\/\/www.sportlaurin.com\/sl\/wp-json\/wp\/v2\/product_cat?post=3361"},{"taxonomy":"product_tag","embeddable":true,"href":"https:\/\/www.sportlaurin.com\/sl\/wp-json\/wp\/v2\/product_tag?post=3361"}],"curies":[{"name":"delovni list","href":"https:\/\/api.w.org\/{rel}","templated":true}]}}