{"id":3440,"date":"2025-05-11T11:29:05","date_gmt":"2025-05-11T09:29:05","guid":{"rendered":"https:\/\/www.sportlaurin.com\/?post_type=product&#038;p=3440"},"modified":"2025-05-12T20:23:24","modified_gmt":"2025-05-12T18:23:24","slug":"funky-grey-yellow","status":"publish","type":"product","link":"https:\/\/www.sportlaurin.com\/en\/product\/funky-grey-yellow\/","title":{"rendered":"Funky Grey Yellow"},"content":{"rendered":"<p>Versatile shoe for <strong>various areas of application<\/strong>, from outdoor activities to easy hikes. <strong>Reliable and convenient<\/strong>. Upper material made of <strong>water-repellent<\/strong> treated <strong>Suede<\/strong>. Shaft made of <strong>Full-grain leather<\/strong>. The inner one, <strong>Heat-sealed membrane guarantees high breathability<\/strong>, <strong>Welding control<\/strong> and <strong>excellent water protection<\/strong>. <strong>Comfortable fit<\/strong> through <strong>adjustable lacing<\/strong> all the way to the tip with a rubber protective cap. <strong>Excellent grip<\/strong> thanks to a special rubber compound, midsole with <strong>double-densified, microporous damping.<\/strong><\/p>\n<p>Manufacturer information (information obligations under the GPSR Product Safety Ordinance)<br \/>\nFITWELL 4.0 SRL.<br \/>\nZona industriale 110\/112<br \/>\n31040 Pederobba \u2013 TV (Italy)<br \/>\ninfo@fitwellsrl.it<br \/>\n+39 0423 64407<\/p>","protected":false},"excerpt":{"rendered":"<h3><strong>Technical Highlights<\/strong><\/h3>\n<p class=\"ds-markdown-paragraph\">\u2714\u00a0<strong>Upper material:<\/strong>\u00a0<strong>Water-repellent suede<\/strong>\u00a0with protective rubber cap<br \/>\n\u2714\u00a0<strong>Food:<\/strong>\u00a0<strong>High-quality full-grain leather<\/strong>\u00a0+\u00a0<strong>waterproof eVent\u00ae membrane<\/strong><br \/>\n\u2714\u00a0<strong>Footbed:<\/strong>\u00a0<strong>Fitwell Air Move<\/strong>\u00a0for optimal support and comfort<br \/>\n\u2714\u00a0<strong>Sole:<\/strong>\u00a0<strong>Vibram\u00ae Jankuat<\/strong>\u00a0with\u00a0<strong>double-cushioned EVA midsole<\/strong>\u00a0for a secure footing<br \/>\n\u2714\u00a0<strong>Insole:<\/strong>\u00a0<strong>2 mm regenerated leather<\/strong>\u00a0+\u00a0<strong>Anti-torsion system<\/strong>\u00a0for stability<br \/>\n\u2714\u00a0<strong>Weight:<\/strong>\u00a0Only\u00a0<strong>480g per shoe (size 8 UK)<\/strong>\u00a0\u2013 extremely lightweight for maximum mobility<\/p>\n<h3><strong>Comfort &amp; Functionality<\/strong><\/h3>\n<ul>\n<li class=\"ds-markdown-paragraph\"><strong>Adjustable lacing all the way to the top<\/strong>\u00a0for individual customization<\/li>\n<li class=\"ds-markdown-paragraph\"><strong>Heat-sealed membrane<\/strong>\u00a0for breathability and water protection<\/li>\n<li class=\"ds-markdown-paragraph\"><strong>Microporous damping<\/strong>\u00a0for high wearing comfort<\/li>\n<li class=\"ds-markdown-paragraph\"><strong>Sizes:<\/strong>\u00a0<strong>4 \u2013 12\u00bd UK<\/strong>\u00a0(<em>Recommendation: Choose one size larger than normal.<\/em>)<\/li>\n<\/ul>\n<h3><strong>Ideal for<\/strong><\/h3>\n<ul>\n<li class=\"ds-markdown-paragraph\"><strong>Easy hikes &amp; walks<\/strong><\/li>\n<li class=\"ds-markdown-paragraph\"><strong>Outdoor activities &amp; recreational sports<\/strong><\/li>\n<li class=\"ds-markdown-paragraph\"><strong>Everyday use with an outdoor character<\/strong><\/li>\n<\/ul>","protected":false},"featured_media":1759,"comment_status":"closed","ping_status":"closed","template":"","meta":[],"product_brand":[86],"product_cat":[106,85],"product_tag":[],"class_list":{"0":"post-3440","1":"product","2":"type-product","3":"status-publish","4":"has-post-thumbnail","6":"product_brand-fitwell","7":"product_cat-all-season","8":"product_cat-wanderschuhe-fitwell","9":"product_shipping_class-fitwell","11":"first","12":"instock","13":"purchasable","14":"product-type-variable"},"yoast_head":"<!-- This site is optimized with the Yoast SEO plugin v27.1.1 - https:\/\/yoast.com\/product\/yoast-seo-wordpress\/ -->\n<title>Funky Grey Yellow - SPORT LAURIN - Ski &amp; Bike | Rental, Service &amp; Sportshop<\/title>\n<meta name=\"robots\" content=\"index, follow, max-snippet:-1, max-image-preview:large, max-video-preview:-1\" \/>\n<link rel=\"canonical\" href=\"https:\/\/www.sportlaurin.com\/en\/product\/funky-grey-yellow\/\" \/>\n<meta property=\"og:locale\" content=\"en_GB\" \/>\n<meta property=\"og:type\" content=\"article\" \/>\n<meta property=\"og:title\" content=\"Funky Grey Yellow - SPORT LAURIN - Ski &amp; Bike | Rental, Service &amp; Sportshop\" \/>\n<meta property=\"og:description\" content=\"Technische Highlights \u2714\u00a0Obermaterial:\u00a0Wasserabweisendes Wildleder\u00a0mit sch\u00fctzender Gummikappe \u2714\u00a0Futter:\u00a0Hochwertiges Vollnarbenleder\u00a0+\u00a0wasserdichte eVent\u00ae-Membran \u2714\u00a0Fu\u00dfbett:\u00a0Fitwell Air Move\u00a0f\u00fcr optimale Unterst\u00fctzung und Komfort \u2714\u00a0Sohle:\u00a0Vibram\u00ae Jankuat\u00a0mit\u00a0doppelt ged\u00e4mpfter EVA-Zwischensohle\u00a0f\u00fcr sicheren Tritt \u2714\u00a0Innensohle:\u00a02 mm regeneriertes Leder\u00a0+\u00a0Anti-Torsionssystem\u00a0f\u00fcr Stabilit\u00e4t \u2714\u00a0Gewicht:\u00a0Nur\u00a0480 g pro Schuh (Gr. 8 UK)\u00a0\u2013 extrem leicht f\u00fcr maximale Beweglichkeit  Komfort &amp; Funktionalit\u00e4t   Verstellbare Schn\u00fcrung bis zur Spitze\u00a0f\u00fcr individuelle Anpassung  Hei\u00dfversiegelte Membran\u00a0f\u00fcr Atmungsaktivit\u00e4t und Wasserschutz  Mikropor\u00f6se D\u00e4mpfung\u00a0f\u00fcr hohen Tragekomfort  Gr\u00f6\u00dfen:\u00a04 \u2013 12\u00bd UK\u00a0(Empfehlung: 1 Gr\u00f6\u00dfe gr\u00f6\u00dfer als normal w\u00e4hlen)  Ideal f\u00fcr   Leichte Wanderungen &amp; Spazierg\u00e4nge  Outdoor-Aktivit\u00e4ten &amp; Freizeitsport  Allt\u00e4gliche Nutzung mit Outdoor-Charakter\" \/>\n<meta property=\"og:url\" content=\"https:\/\/www.sportlaurin.com\/en\/product\/funky-grey-yellow\/\" \/>\n<meta property=\"og:site_name\" content=\"SPORT LAURIN - Ski &amp; Bike | Rental, Service &amp; Sportshop\" \/>\n<meta property=\"article:publisher\" content=\"https:\/\/www.facebook.com\/sportlaurin\/\" \/>\n<meta property=\"article:modified_time\" content=\"2025-05-12T18:23:24+00:00\" \/>\n<meta property=\"og:image\" content=\"https:\/\/www.sportlaurin.com\/wp-content\/uploads\/2025\/05\/FUNKY-YELLOW-1.jpg\" \/>\n\t<meta property=\"og:image:width\" content=\"1500\" \/>\n\t<meta property=\"og:image:height\" content=\"1099\" \/>\n\t<meta property=\"og:image:type\" content=\"image\/jpeg\" \/>\n<meta name=\"twitter:card\" content=\"summary_large_image\" \/>\n<meta name=\"twitter:label1\" content=\"Estimated reading time\" \/>\n\t<meta name=\"twitter:data1\" content=\"1 minute\" \/>\n<script type=\"application\/ld+json\" class=\"yoast-schema-graph\">{\"@context\":\"https:\/\/schema.org\",\"@graph\":[{\"@type\":\"WebPage\",\"@id\":\"https:\/\/www.sportlaurin.com\/produkt\/funky-grey-yellow\/\",\"url\":\"https:\/\/www.sportlaurin.com\/produkt\/funky-grey-yellow\/\",\"name\":\"Funky Grey Yellow - SPORT LAURIN - Ski &amp; Bike | Rental, Service &amp; Sportshop\",\"isPartOf\":{\"@id\":\"https:\/\/www.sportlaurin.com\/#website\"},\"primaryImageOfPage\":{\"@id\":\"https:\/\/www.sportlaurin.com\/produkt\/funky-grey-yellow\/#primaryimage\"},\"image\":{\"@id\":\"https:\/\/www.sportlaurin.com\/produkt\/funky-grey-yellow\/#primaryimage\"},\"thumbnailUrl\":\"https:\/\/www.sportlaurin.com\/wp-content\/uploads\/2025\/05\/FUNKY-YELLOW-1.jpg\",\"datePublished\":\"2025-05-11T09:29:05+00:00\",\"dateModified\":\"2025-05-12T18:23:24+00:00\",\"breadcrumb\":{\"@id\":\"https:\/\/www.sportlaurin.com\/produkt\/funky-grey-yellow\/#breadcrumb\"},\"inLanguage\":\"en-GB\",\"potentialAction\":[{\"@type\":\"ReadAction\",\"target\":[\"https:\/\/www.sportlaurin.com\/produkt\/funky-grey-yellow\/\"]}]},{\"@type\":\"ImageObject\",\"inLanguage\":\"en-GB\",\"@id\":\"https:\/\/www.sportlaurin.com\/produkt\/funky-grey-yellow\/#primaryimage\",\"url\":\"https:\/\/www.sportlaurin.com\/wp-content\/uploads\/2025\/05\/FUNKY-YELLOW-1.jpg\",\"contentUrl\":\"https:\/\/www.sportlaurin.com\/wp-content\/uploads\/2025\/05\/FUNKY-YELLOW-1.jpg\",\"width\":1500,\"height\":1099},{\"@type\":\"BreadcrumbList\",\"@id\":\"https:\/\/www.sportlaurin.com\/produkt\/funky-grey-yellow\/#breadcrumb\",\"itemListElement\":[{\"@type\":\"ListItem\",\"position\":1,\"name\":\"Startseite\",\"item\":\"https:\/\/www.sportlaurin.com\/\"},{\"@type\":\"ListItem\",\"position\":2,\"name\":\"Onlineshop\",\"item\":\"https:\/\/www.sportlaurin.com\/onlineshop\/\"},{\"@type\":\"ListItem\",\"position\":3,\"name\":\"Funky Grey Yellow\"}]},{\"@type\":\"WebSite\",\"@id\":\"https:\/\/www.sportlaurin.com\/#website\",\"url\":\"https:\/\/www.sportlaurin.com\/\",\"name\":\"SPORT LAURIN - Ski & Bike | Rental, Service & Sportshop\",\"description\":\"\",\"potentialAction\":[{\"@type\":\"SearchAction\",\"target\":{\"@type\":\"EntryPoint\",\"urlTemplate\":\"https:\/\/www.sportlaurin.com\/?s={search_term_string}\"},\"query-input\":{\"@type\":\"PropertyValueSpecification\",\"valueRequired\":true,\"valueName\":\"search_term_string\"}}],\"inLanguage\":\"en-GB\"}]}<\/script>\n<!-- \/ Yoast SEO plugin. -->","yoast_head_json":{"title":"Funky Gray Yellow - SPORT LAURIN - Ski &amp; Bike | Rental, service &amp; sports shop","robots":{"index":"index","follow":"follow","max-snippet":"max-snippet:-1","max-image-preview":"max-image-preview:large","max-video-preview":"max-video-preview:-1"},"canonical":"https:\/\/www.sportlaurin.com\/en\/product\/funky-grey-yellow\/","og_locale":"en_GB","og_type":"article","og_title":"Funky Grey Yellow - SPORT LAURIN - Ski &amp; Bike | Rental, Service &amp; Sportshop","og_description":"Technische Highlights \u2714\u00a0Obermaterial:\u00a0Wasserabweisendes Wildleder\u00a0mit sch\u00fctzender Gummikappe \u2714\u00a0Futter:\u00a0Hochwertiges Vollnarbenleder\u00a0+\u00a0wasserdichte eVent\u00ae-Membran \u2714\u00a0Fu\u00dfbett:\u00a0Fitwell Air Move\u00a0f\u00fcr optimale Unterst\u00fctzung und Komfort \u2714\u00a0Sohle:\u00a0Vibram\u00ae Jankuat\u00a0mit\u00a0doppelt ged\u00e4mpfter EVA-Zwischensohle\u00a0f\u00fcr sicheren Tritt \u2714\u00a0Innensohle:\u00a02 mm regeneriertes Leder\u00a0+\u00a0Anti-Torsionssystem\u00a0f\u00fcr Stabilit\u00e4t \u2714\u00a0Gewicht:\u00a0Nur\u00a0480 g pro Schuh (Gr. 8 UK)\u00a0\u2013 extrem leicht f\u00fcr maximale Beweglichkeit  Komfort &amp; Funktionalit\u00e4t   Verstellbare Schn\u00fcrung bis zur Spitze\u00a0f\u00fcr individuelle Anpassung  Hei\u00dfversiegelte Membran\u00a0f\u00fcr Atmungsaktivit\u00e4t und Wasserschutz  Mikropor\u00f6se D\u00e4mpfung\u00a0f\u00fcr hohen Tragekomfort  Gr\u00f6\u00dfen:\u00a04 \u2013 12\u00bd UK\u00a0(Empfehlung: 1 Gr\u00f6\u00dfe gr\u00f6\u00dfer als normal w\u00e4hlen)  Ideal f\u00fcr   Leichte Wanderungen &amp; Spazierg\u00e4nge  Outdoor-Aktivit\u00e4ten &amp; Freizeitsport  Allt\u00e4gliche Nutzung mit Outdoor-Charakter","og_url":"https:\/\/www.sportlaurin.com\/en\/product\/funky-grey-yellow\/","og_site_name":"SPORT LAURIN - Ski &amp; Bike | Rental, Service &amp; Sportshop","article_publisher":"https:\/\/www.facebook.com\/sportlaurin\/","article_modified_time":"2025-05-12T18:23:24+00:00","og_image":[{"width":1500,"height":1099,"url":"https:\/\/www.sportlaurin.com\/wp-content\/uploads\/2025\/05\/FUNKY-YELLOW-1.jpg","type":"image\/jpeg"}],"twitter_card":"summary_large_image","twitter_misc":{"Estimated reading time":"1 minute"},"schema":{"@context":"https:\/\/schema.org","@graph":[{"@type":"WebPage","@id":"https:\/\/www.sportlaurin.com\/produkt\/funky-grey-yellow\/","url":"https:\/\/www.sportlaurin.com\/produkt\/funky-grey-yellow\/","name":"Funky Gray Yellow - SPORT LAURIN - Ski &amp; Bike | Rental, service &amp; sports shop","isPartOf":{"@id":"https:\/\/www.sportlaurin.com\/#website"},"primaryImageOfPage":{"@id":"https:\/\/www.sportlaurin.com\/produkt\/funky-grey-yellow\/#primaryimage"},"image":{"@id":"https:\/\/www.sportlaurin.com\/produkt\/funky-grey-yellow\/#primaryimage"},"thumbnailUrl":"https:\/\/www.sportlaurin.com\/wp-content\/uploads\/2025\/05\/FUNKY-YELLOW-1.jpg","datePublished":"2025-05-11T09:29:05+00:00","dateModified":"2025-05-12T18:23:24+00:00","breadcrumb":{"@id":"https:\/\/www.sportlaurin.com\/produkt\/funky-grey-yellow\/#breadcrumb"},"inLanguage":"en-GB","potentialAction":[{"@type":"ReadAction","target":["https:\/\/www.sportlaurin.com\/produkt\/funky-grey-yellow\/"]}]},{"@type":"ImageObject","inLanguage":"en-GB","@id":"https:\/\/www.sportlaurin.com\/produkt\/funky-grey-yellow\/#primaryimage","url":"https:\/\/www.sportlaurin.com\/wp-content\/uploads\/2025\/05\/FUNKY-YELLOW-1.jpg","contentUrl":"https:\/\/www.sportlaurin.com\/wp-content\/uploads\/2025\/05\/FUNKY-YELLOW-1.jpg","width":1500,"height":1099},{"@type":"BreadcrumbList","@id":"https:\/\/www.sportlaurin.com\/produkt\/funky-grey-yellow\/#breadcrumb","itemListElement":[{"@type":"ListItem","position":1,"name":"Startseite","item":"https:\/\/www.sportlaurin.com\/"},{"@type":"ListItem","position":2,"name":"Onlineshop","item":"https:\/\/www.sportlaurin.com\/onlineshop\/"},{"@type":"ListItem","position":3,"name":"Funky Grey Yellow"}]},{"@type":"WebSite","@id":"https:\/\/www.sportlaurin.com\/#website","url":"https:\/\/www.sportlaurin.com\/","name":"SPORT LAURIN - Ski &amp; Bike | Rental, Service &amp; Sportshop","description":"","potentialAction":[{"@type":"SearchAction","target":{"@type":"EntryPoint","urlTemplate":"https:\/\/www.sportlaurin.com\/?s={search_term_string}"},"query-input":{"@type":"PropertyValueSpecification","valueRequired":true,"valueName":"search_term_string"}}],"inLanguage":"en-GB"}]}},"_links":{"self":[{"href":"https:\/\/www.sportlaurin.com\/en\/wp-json\/wp\/v2\/product\/3440","targetHints":{"allow":["GET"]}}],"collection":[{"href":"https:\/\/www.sportlaurin.com\/en\/wp-json\/wp\/v2\/product"}],"about":[{"href":"https:\/\/www.sportlaurin.com\/en\/wp-json\/wp\/v2\/types\/product"}],"replies":[{"embeddable":true,"href":"https:\/\/www.sportlaurin.com\/en\/wp-json\/wp\/v2\/comments?post=3440"}],"wp:featuredmedia":[{"embeddable":true,"href":"https:\/\/www.sportlaurin.com\/en\/wp-json\/wp\/v2\/media\/1759"}],"wp:attachment":[{"href":"https:\/\/www.sportlaurin.com\/en\/wp-json\/wp\/v2\/media?parent=3440"}],"wp:term":[{"taxonomy":"product_brand","embeddable":true,"href":"https:\/\/www.sportlaurin.com\/en\/wp-json\/wp\/v2\/product_brand?post=3440"},{"taxonomy":"product_cat","embeddable":true,"href":"https:\/\/www.sportlaurin.com\/en\/wp-json\/wp\/v2\/product_cat?post=3440"},{"taxonomy":"product_tag","embeddable":true,"href":"https:\/\/www.sportlaurin.com\/en\/wp-json\/wp\/v2\/product_tag?post=3440"}],"curies":[{"name":"wp","href":"https:\/\/api.w.org\/{rel}","templated":true}]}}